{"id":6373,"date":"2020-02-14T09:29:55","date_gmt":"2020-02-14T08:29:55","guid":{"rendered":"\/terms-and-conditions\/"},"modified":"2022-10-10T10:40:39","modified_gmt":"2022-10-10T08:40:39","slug":"terms-and-conditions","status":"publish","type":"page","link":"https:\/\/fondazione.com\/en\/terms-and-conditions\/","title":{"rendered":"Terms and conditions"},"content":{"rendered":"<p>CON L&#8217;ACQUISTO DI UN PRODOTTO SI ACCETTANO LE SEGUENTI CONDIZIONI<\/p>\n<h4>1<\/h4>\n<p>Gli acquisti possono essere effettuati solo da maggiorenni e sono regolamentati dal DL 185 del 22 Maggio 1999 o successivi, per la tutela del consumatore nella vendita a distanza.<\/p>\n<h4>2<\/h4>\n<p>Il fornitore e produttore \u00e8 la <strong>La Fondazione snc<\/strong>.<\/p>\n<h4>3<\/h4>\n<p>I prezzi indicati sono tutti comprensivi di IVA.<\/p>\n<h4>4<\/h4>\n<p>Effettuato l&#8217;acquisto il cliente ricever\u00e0 una mail di conferma. Nel caso non la ricevesse \u00e8 pregato di contattare il negozio al pi\u00f9 presto.<\/p>\n<h4>5<\/h4>\n<p>Il cliente \u00e8 tenuto a verificare sempre l&#8217;integrit\u00e0 del pacco al momento della consegna, controllando la corrispondenza in fattura. Nel caso di danneggiamento del pacco potr\u00e0 firmare la ricevuta \u201ccon riserva di controllo\u201d. Se il prodotto invece risulter\u00e0 visibilmente danneggiato dovr\u00e0 respingere la consegna. Nel caso di incongruenze segnalarle subito al Corriere.<\/p>\n<h4>6<\/h4>\n<p>Tutti i nostri prodotti sono realizzati al momento dell&#8217;ordine e quindi hanno delle tempistiche di realizzazione e spedizione diverse per le categorie di prodotti:<\/p>\n<p>gioielli 10 &#8211; 15 giorni,<br \/>\nlampadari in 30 giorni<br \/>\nsculture in 15 giorni,<br \/>\nper prodotti in stock 3 giorni.<\/p>\n<h4>7<\/h4>\n<p>Si informa che i dati personali raccolti al momento della compilazione del modulo d&#8217;ordine o inviatici in altra maniera sono tutelati ai sensi dell&#8217;art. 13, DL 196\/2003 e verranno inseriti in un registro anagrafico clienti al momento dell&#8217;acquisto.<\/p>\n<h4>8<\/h4>\n<p>Forme di pagamento:<\/p>\n<p>Carta di Credito (Visa, MasterCard)<\/p>\n<p>PayPal<\/p>\n<p>Bonifico bancario intestato a: LA FONDAZIONE S.N.C &#8211; BANCA POPOLARE DELL&#8217;EMILIA ROMAGNA CODICE IBAN: IT34H0538761800000002490499<\/p>\n<h3>Spedizioni<\/h3>\n<p>Solitamente spediamo con Poste Italiane in Italia, corriere espressi e Fedex per l&#8217;estero. La decisione della tipologia di corriere \u00e8 in base all&#8217;indirizzo di destinazione e alle offerte del momento.<\/p>\n<p>Le spese di spedizione comprendono le spese di imballaggio e affrancatura. Le spese di imballaggio sono fisse, mentre quelle di trasporto variano in base al peso totale della spedizione.<\/p>\n<p>Ti consigliamo di raggruppare i tuoi articoli in un unico ordine. Non possiamo raggruppare due ordini distinti eseguiti separatamente, e ad ognuno di esso saranno applicate le spese di spedizione.<\/p>\n<p>Tutti i pacchi sono assicurati per l&#8217;intero valore della merce.<\/p>\n<table border=\"1\">\n<thead>\n<tr>\n<th>Paese di Destinazione<\/th>\n<th>Tempi di consegna<\/th>\n<th>Tipo spedizione<\/th>\n<th>Costo<\/th>\n<\/tr>\n<\/thead>\n<tbody>\n<tr>\n<td>Italia<\/td>\n<td>da 1 a 3 giorni lavorativi<\/td>\n<td>Posta celere1 oppure Posta Raccomandata 1 assicurata ma non tracciata<\/td>\n<td>Gratuita<\/td>\n<\/tr>\n<tr>\n<td>Comunit\u00e0 europea<\/td>\n<td>da 2 a 7 giorni lavorativi<\/td>\n<td>Corriere espresso assicurata e tracciata<\/td>\n<td>12 \u20ac<\/td>\n<\/tr>\n<tr>\n<td>Regno Unito<\/td>\n<td>da 2 a 7 giorni lavorativi<\/td>\n<td>Corriere espresso assicurata e tracciata<\/td>\n<td>15 \u20ac<\/td>\n<\/tr>\n<tr>\n<td>Europa non UE<\/td>\n<td>da 2 a 7 giorni lavorativi<\/td>\n<td>Corriere espresso assicurata e tracciata<\/td>\n<td>19 \u20ac<\/td>\n<\/tr>\n<tr>\n<td>Stati Uniti e Canada<\/td>\n<td>da 3 a 10 giorni lavorativi<\/td>\n<td>Fedex assicurata e tracciata<\/td>\n<td>29 \u20ac<\/td>\n<\/tr>\n<tr>\n<td>Nuova Zelanda e Australia<\/td>\n<td>da 3 a 15 giorni lavorativi<\/td>\n<td>Fedex assicurata e tracciata<\/td>\n<td>42 \u20ac<\/td>\n<\/tr>\n<\/tbody>\n<\/table>\n<p>&nbsp;<\/p>\n<h3>Resi<\/h3>\n<p>Vogliamo fare in modo che siate completamente soddisfatti del vostro acquisto nel nostro negozio.<\/p>\n<p>Se, per qualsiasi motivo, non siete soddisfatti del vostro ordine, potete restituire il vostro articolo <strong>inutilizzato<\/strong> entro 14 giorni dalla data di consegna, e ricevere il rimborso. Il rimborso NON comprende le spese di spedizione e eventuali costi doganali.<\/p>\n<p>Prima della restituzione dell&#8217;articolo, assicuratevi che tutte le seguenti condizioni siano correttamente soddisfatte:<\/p>\n<ul>\n<li>Il prodotto pu\u00f2 essere rimandato a noi solo dopo aver richiesto il reso via email entro e non oltre 3 giorni lavorativi: info@fondazione.com<\/li>\n<li>Il prodotto deve essere rispedito entro 5 giorni dalla data in cui accettiamo la richiesta di ritorno.<\/li>\n<li>Il prodotto deve essere inutilizzato, nuovo e non danneggiato.<\/li>\n<li>Il prodotto deve essere restituito completo di tutte le sue parti e accessori.<\/li>\n<li>Il prodotto deve essere inviato nella sua confezione originale, e imballato come ricevuto.<\/li>\n<li>Il prodotto deve essere spedito assicurato e tracciato.<\/li>\n<li>La spedizione deve essere comunicata il giorno che invier\u00e0 il pacchetto, comunicandoci il numero di tracciamento.<\/li>\n<\/ul>\n<p>Tutta la merce resa verr\u00e0 esamina visivamente al ricevimento per i segni di usura prima del rilascio di eventuali rimborsi, scambi o crediti.<\/p>\n<p>Se tutte le condizioni di cui sopra sono soddisfatte, lo rimborseremo il costo del prodotto. <strong>Le spese di spedizione sono a carico del cliente.<\/strong><\/p>\n<p><strong>Nota:<\/strong> sono esclusi dalla politica di rimborso tutte le imprese e rivenditori e tutti i prodotti su ordinazione e personalizzati.<\/p>\n<p>Indirizzo dove inviare la merce di reso:<\/p>\n<p>Via Carlo Gardan 17, Casale sul Sile, 31032 Treviso &#8211; Italia<\/p>\n<p>&nbsp;<\/p>\n<h3>Dazi doganali e imposte sulle importazioni<\/h3>\n<p>Gli acquirenti sono responsabili degli eventuali dazi doganali applicabili. La Fondazione snc non \u00e8 responsabile degli eventuali ritardi causati dai controlli doganali.<\/p>\n<h3>Dispute<\/h3>\n<p>Qualsiasi controversia verr\u00e0 gestita dal foro competente della citt\u00e0 di Treviso.<\/p>\n","protected":false},"excerpt":{"rendered":"<p>CON L&#8217;ACQUISTO DI UN PRODOTTO SI ACCETTANO LE SEGUENTI CONDIZIONI 1 Gli acquisti possono essere effettuati solo da maggiorenni e sono regolamentati dal DL 185 del 22 Maggio 1999 o successivi, per la tutela del consumatore nella vendita a distanza. 2 Il fornitore e produttore \u00e8 la La Fondazione snc. 3 I prezzi indicati sono [&hellip;]<\/p>\n","protected":false},"author":1,"featured_media":3987,"parent":0,"menu_order":0,"comment_status":"closed","ping_status":"closed","template":"","meta":{"footnotes":""},"class_list":["post-6373","page","type-page","status-publish","has-post-thumbnail","hentry"],"yoast_head":"<!-- This site is optimized with the Yoast SEO plugin v27.5 - https:\/\/yoast.com\/product\/yoast-seo-wordpress\/ -->\n<title>Terms and conditions | La Fondazione - Handmade Murano glass Venice<\/title>\n<meta name=\"description\" content=\"BY PURCHASING A PRODUCT YOU ACCEPT THE FOLLOWING CONDITIONS.\" \/>\n<meta name=\"robots\" content=\"index, follow, max-snippet:-1, max-image-preview:large, max-video-preview:-1\" \/>\n<link rel=\"canonical\" href=\"https:\/\/fondazione.com\/en\/terms-and-conditions\/\" \/>\n<meta property=\"og:locale\" content=\"en_US\" \/>\n<meta property=\"og:type\" content=\"article\" \/>\n<meta property=\"og:title\" content=\"Terms and conditions | La Fondazione - Handmade Murano glass Venice\" \/>\n<meta property=\"og:description\" content=\"BY PURCHASING A PRODUCT YOU ACCEPT THE FOLLOWING CONDITIONS.\" \/>\n<meta property=\"og:url\" content=\"https:\/\/fondazione.com\/en\/terms-and-conditions\/\" \/>\n<meta property=\"og:site_name\" content=\"La Fondazione\" \/>\n<meta property=\"article:publisher\" content=\"https:\/\/www.facebook.com\/shopfondazione\/\" \/>\n<meta property=\"article:modified_time\" content=\"2022-10-10T08:40:39+00:00\" \/>\n<meta property=\"og:image\" content=\"https:\/\/fondazione.com\/wp-content\/uploads\/2020\/01\/la-fondazione-banner-categoria-parures.jpg\" \/>\n\t<meta property=\"og:image:width\" content=\"1900\" \/>\n\t<meta property=\"og:image:height\" content=\"600\" \/>\n\t<meta property=\"og:image:type\" content=\"image\/jpeg\" \/>\n<meta name=\"twitter:card\" content=\"summary_large_image\" \/>\n<meta name=\"twitter:site\" content=\"@shopfondazione\" \/>\n<meta name=\"twitter:label1\" content=\"Est. reading time\" \/>\n\t<meta name=\"twitter:data1\" content=\"4 minutes\" \/>\n<script type=\"application\/ld+json\" class=\"yoast-schema-graph\">{\"@context\":\"https:\\\/\\\/schema.org\",\"@graph\":[{\"@type\":\"WebPage\",\"@id\":\"https:\\\/\\\/fondazione.com\\\/en\\\/terms-and-conditions\\\/\",\"url\":\"https:\\\/\\\/fondazione.com\\\/en\\\/terms-and-conditions\\\/\",\"name\":\"Terms and conditions | La Fondazione - Handmade Murano glass Venice\",\"isPartOf\":{\"@id\":\"https:\\\/\\\/fondazione.com\\\/en\\\/#website\"},\"primaryImageOfPage\":{\"@id\":\"https:\\\/\\\/fondazione.com\\\/en\\\/terms-and-conditions\\\/#primaryimage\"},\"image\":{\"@id\":\"https:\\\/\\\/fondazione.com\\\/en\\\/terms-and-conditions\\\/#primaryimage\"},\"thumbnailUrl\":\"https:\\\/\\\/i0.wp.com\\\/fondazione.com\\\/wp-content\\\/uploads\\\/2020\\\/01\\\/la-fondazione-banner-categoria-parures.jpg?fit=1900%2C600&ssl=1\",\"datePublished\":\"2020-02-14T08:29:55+00:00\",\"dateModified\":\"2022-10-10T08:40:39+00:00\",\"description\":\"BY PURCHASING A PRODUCT YOU ACCEPT THE FOLLOWING CONDITIONS.\",\"breadcrumb\":{\"@id\":\"https:\\\/\\\/fondazione.com\\\/en\\\/terms-and-conditions\\\/#breadcrumb\"},\"inLanguage\":\"en-US\",\"potentialAction\":[{\"@type\":\"ReadAction\",\"target\":[\"https:\\\/\\\/fondazione.com\\\/en\\\/terms-and-conditions\\\/\"]}]},{\"@type\":\"ImageObject\",\"inLanguage\":\"en-US\",\"@id\":\"https:\\\/\\\/fondazione.com\\\/en\\\/terms-and-conditions\\\/#primaryimage\",\"url\":\"https:\\\/\\\/i0.wp.com\\\/fondazione.com\\\/wp-content\\\/uploads\\\/2020\\\/01\\\/la-fondazione-banner-categoria-parures.jpg?fit=1900%2C600&ssl=1\",\"contentUrl\":\"https:\\\/\\\/i0.wp.com\\\/fondazione.com\\\/wp-content\\\/uploads\\\/2020\\\/01\\\/la-fondazione-banner-categoria-parures.jpg?fit=1900%2C600&ssl=1\",\"width\":1900,\"height\":600,\"caption\":\"Parures made in Murano Glass Italy - La Fondazione - Handmade Murano glass Venice\"},{\"@type\":\"BreadcrumbList\",\"@id\":\"https:\\\/\\\/fondazione.com\\\/en\\\/terms-and-conditions\\\/#breadcrumb\",\"itemListElement\":[{\"@type\":\"ListItem\",\"position\":1,\"name\":\"\",\"item\":\"https:\\\/\\\/fondazione.com\\\/en\\\/home\\\/\"},{\"@type\":\"ListItem\",\"position\":2,\"name\":\"Terms and conditions\"}]},{\"@type\":\"WebSite\",\"@id\":\"https:\\\/\\\/fondazione.com\\\/en\\\/#website\",\"url\":\"https:\\\/\\\/fondazione.com\\\/en\\\/\",\"name\":\"La Fondazione\",\"description\":\"Handmade Murano Glass Venice\",\"publisher\":{\"@id\":\"https:\\\/\\\/fondazione.com\\\/en\\\/#organization\"},\"potentialAction\":[{\"@type\":\"SearchAction\",\"target\":{\"@type\":\"EntryPoint\",\"urlTemplate\":\"https:\\\/\\\/fondazione.com\\\/en\\\/?s={search_term_string}\"},\"query-input\":{\"@type\":\"PropertyValueSpecification\",\"valueRequired\":true,\"valueName\":\"search_term_string\"}}],\"inLanguage\":\"en-US\"},{\"@type\":\"Organization\",\"@id\":\"https:\\\/\\\/fondazione.com\\\/en\\\/#organization\",\"name\":\"La Fondazione snc - Gioielli e Arredo in vetro di Murano\",\"url\":\"https:\\\/\\\/fondazione.com\\\/en\\\/\",\"logo\":{\"@type\":\"ImageObject\",\"inLanguage\":\"en-US\",\"@id\":\"https:\\\/\\\/fondazione.com\\\/en\\\/#\\\/schema\\\/logo\\\/image\\\/\",\"url\":\"https:\\\/\\\/fondazione.com\\\/wp-content\\\/uploads\\\/2020\\\/01\\\/logo-fondazione.jpg\",\"contentUrl\":\"https:\\\/\\\/fondazione.com\\\/wp-content\\\/uploads\\\/2020\\\/01\\\/logo-fondazione.jpg\",\"width\":842,\"height\":595,\"caption\":\"La Fondazione snc - Gioielli e Arredo in vetro di Murano\"},\"image\":{\"@id\":\"https:\\\/\\\/fondazione.com\\\/en\\\/#\\\/schema\\\/logo\\\/image\\\/\"},\"sameAs\":[\"https:\\\/\\\/www.facebook.com\\\/shopfondazione\\\/\",\"https:\\\/\\\/x.com\\\/shopfondazione\",\"https:\\\/\\\/www.instagram.com\\\/shopfondazione\\\/\",\"https:\\\/\\\/www.linkedin.com\\\/company\\\/fondazione-snc\\\/\",\"https:\\\/\\\/www.tiktok.com\\\/@lafondazionemuranoglass\",\"https:\\\/\\\/www.etsy.com\\\/it\\\/shop\\\/LaFondazioneMurano\"]}]}<\/script>\n<!-- \/ Yoast SEO plugin. -->","yoast_head_json":{"title":"Terms and conditions | La Fondazione - Handmade Murano glass Venice","description":"BY PURCHASING A PRODUCT YOU ACCEPT THE FOLLOWING CONDITIONS.","robots":{"index":"index","follow":"follow","max-snippet":"max-snippet:-1","max-image-preview":"max-image-preview:large","max-video-preview":"max-video-preview:-1"},"canonical":"https:\/\/fondazione.com\/en\/terms-and-conditions\/","og_locale":"en_US","og_type":"article","og_title":"Terms and conditions | La Fondazione - Handmade Murano glass Venice","og_description":"BY PURCHASING A PRODUCT YOU ACCEPT THE FOLLOWING CONDITIONS.","og_url":"https:\/\/fondazione.com\/en\/terms-and-conditions\/","og_site_name":"La Fondazione","article_publisher":"https:\/\/www.facebook.com\/shopfondazione\/","article_modified_time":"2022-10-10T08:40:39+00:00","og_image":[{"width":1900,"height":600,"url":"https:\/\/fondazione.com\/wp-content\/uploads\/2020\/01\/la-fondazione-banner-categoria-parures.jpg","type":"image\/jpeg"}],"twitter_card":"summary_large_image","twitter_site":"@shopfondazione","twitter_misc":{"Est. reading time":"4 minutes"},"schema":{"@context":"https:\/\/schema.org","@graph":[{"@type":"WebPage","@id":"https:\/\/fondazione.com\/en\/terms-and-conditions\/","url":"https:\/\/fondazione.com\/en\/terms-and-conditions\/","name":"Terms and conditions | La Fondazione - Handmade Murano glass Venice","isPartOf":{"@id":"https:\/\/fondazione.com\/en\/#website"},"primaryImageOfPage":{"@id":"https:\/\/fondazione.com\/en\/terms-and-conditions\/#primaryimage"},"image":{"@id":"https:\/\/fondazione.com\/en\/terms-and-conditions\/#primaryimage"},"thumbnailUrl":"https:\/\/i0.wp.com\/fondazione.com\/wp-content\/uploads\/2020\/01\/la-fondazione-banner-categoria-parures.jpg?fit=1900%2C600&ssl=1","datePublished":"2020-02-14T08:29:55+00:00","dateModified":"2022-10-10T08:40:39+00:00","description":"BY PURCHASING A PRODUCT YOU ACCEPT THE FOLLOWING CONDITIONS.","breadcrumb":{"@id":"https:\/\/fondazione.com\/en\/terms-and-conditions\/#breadcrumb"},"inLanguage":"en-US","potentialAction":[{"@type":"ReadAction","target":["https:\/\/fondazione.com\/en\/terms-and-conditions\/"]}]},{"@type":"ImageObject","inLanguage":"en-US","@id":"https:\/\/fondazione.com\/en\/terms-and-conditions\/#primaryimage","url":"https:\/\/i0.wp.com\/fondazione.com\/wp-content\/uploads\/2020\/01\/la-fondazione-banner-categoria-parures.jpg?fit=1900%2C600&ssl=1","contentUrl":"https:\/\/i0.wp.com\/fondazione.com\/wp-content\/uploads\/2020\/01\/la-fondazione-banner-categoria-parures.jpg?fit=1900%2C600&ssl=1","width":1900,"height":600,"caption":"Parures made in Murano Glass Italy - La Fondazione - Handmade Murano glass Venice"},{"@type":"BreadcrumbList","@id":"https:\/\/fondazione.com\/en\/terms-and-conditions\/#breadcrumb","itemListElement":[{"@type":"ListItem","position":1,"name":"","item":"https:\/\/fondazione.com\/en\/home\/"},{"@type":"ListItem","position":2,"name":"Terms and conditions"}]},{"@type":"WebSite","@id":"https:\/\/fondazione.com\/en\/#website","url":"https:\/\/fondazione.com\/en\/","name":"La Fondazione","description":"Handmade Murano Glass Venice","publisher":{"@id":"https:\/\/fondazione.com\/en\/#organization"},"potentialAction":[{"@type":"SearchAction","target":{"@type":"EntryPoint","urlTemplate":"https:\/\/fondazione.com\/en\/?s={search_term_string}"},"query-input":{"@type":"PropertyValueSpecification","valueRequired":true,"valueName":"search_term_string"}}],"inLanguage":"en-US"},{"@type":"Organization","@id":"https:\/\/fondazione.com\/en\/#organization","name":"La Fondazione snc - Gioielli e Arredo in vetro di Murano","url":"https:\/\/fondazione.com\/en\/","logo":{"@type":"ImageObject","inLanguage":"en-US","@id":"https:\/\/fondazione.com\/en\/#\/schema\/logo\/image\/","url":"https:\/\/fondazione.com\/wp-content\/uploads\/2020\/01\/logo-fondazione.jpg","contentUrl":"https:\/\/fondazione.com\/wp-content\/uploads\/2020\/01\/logo-fondazione.jpg","width":842,"height":595,"caption":"La Fondazione snc - Gioielli e Arredo in vetro di Murano"},"image":{"@id":"https:\/\/fondazione.com\/en\/#\/schema\/logo\/image\/"},"sameAs":["https:\/\/www.facebook.com\/shopfondazione\/","https:\/\/x.com\/shopfondazione","https:\/\/www.instagram.com\/shopfondazione\/","https:\/\/www.linkedin.com\/company\/fondazione-snc\/","https:\/\/www.tiktok.com\/@lafondazionemuranoglass","https:\/\/www.etsy.com\/it\/shop\/LaFondazioneMurano"]}]}},"_links":{"self":[{"href":"https:\/\/fondazione.com\/en\/wp-json\/wp\/v2\/pages\/6373","targetHints":{"allow":["GET"]}}],"collection":[{"href":"https:\/\/fondazione.com\/en\/wp-json\/wp\/v2\/pages"}],"about":[{"href":"https:\/\/fondazione.com\/en\/wp-json\/wp\/v2\/types\/page"}],"author":[{"embeddable":true,"href":"https:\/\/fondazione.com\/en\/wp-json\/wp\/v2\/users\/1"}],"replies":[{"embeddable":true,"href":"https:\/\/fondazione.com\/en\/wp-json\/wp\/v2\/comments?post=6373"}],"version-history":[{"count":0,"href":"https:\/\/fondazione.com\/en\/wp-json\/wp\/v2\/pages\/6373\/revisions"}],"wp:featuredmedia":[{"embeddable":true,"href":"https:\/\/fondazione.com\/en\/wp-json\/wp\/v2\/media\/3987"}],"wp:attachment":[{"href":"https:\/\/fondazione.com\/en\/wp-json\/wp\/v2\/media?parent=6373"}],"curies":[{"name":"wp","href":"https:\/\/api.w.org\/{rel}","templated":true}]}}